{"id":143,"date":"2026-02-01T07:24:44","date_gmt":"2026-02-01T06:24:44","guid":{"rendered":"https:\/\/www.inwestycjeniszowe.pl\/?page_id=143"},"modified":"2026-02-01T07:25:20","modified_gmt":"2026-02-01T06:25:20","slug":"dlug-i-zobowiazania","status":"publish","type":"page","link":"https:\/\/www.inwestycjeniszowe.pl\/index.php\/dlug-i-zobowiazania\/","title":{"rendered":"D\u0142ug i zobowi\u0105zania"},"content":{"rendered":"\n<p>D\u0142ug sam w sobie nie jest b\u0142\u0119dem ani pora\u017ck\u0105. Jest narz\u0119dziem finansowym, kt\u00f3re w codziennym \u017cyciu mo\u017ce zar\u00f3wno wspiera\u0107 rozw\u00f3j, jak i ogranicza\u0107 poczucie bezpiecze\u0144stwa \u2014 w zale\u017cno\u015bci od tego, jak jest wykorzystywane i jak\u0105 pe\u0142ni rol\u0119 w bud\u017cecie.<\/p>\n\n\n\n<p>Dla wielu os\u00f3b najwi\u0119kszym obci\u0105\u017ceniem nie jest sam poziom zad\u0142u\u017cenia, lecz brak jasno\u015bci. Rozproszone zobowi\u0105zania, nieczytelne warunki i niepewno\u015b\u0107 co do przysz\u0142ych p\u0142atno\u015bci pot\u0119guj\u0105 stres i utrudniaj\u0105 podejmowanie racjonalnych decyzji. Pierwszym krokiem do odzyskania kontroli jest wi\u0119c \u015bwiadomo\u015b\u0107 \u2014 pe\u0142ny obraz swoich zobowi\u0105za\u0144, bez oceniania i presji.<\/p>\n\n\n\n<p>Zdrowe podej\u015bcie do d\u0142ugu opiera si\u0119 na rozr\u00f3\u017cnieniu pomi\u0119dzy zobowi\u0105zaniami, kt\u00f3re realnie wspieraj\u0105 jako\u015b\u0107 \u017cycia lub d\u0142ugoterminowe cele, a tymi, kt\u00f3re jedynie przesuwaj\u0105 problem w czasie. Regularna obs\u0142uga zobowi\u0105za\u0144, nawet niewielkimi krokami, buduje stabilno\u015b\u0107 i przywraca poczucie sprawczo\u015bci.<\/p>\n\n\n\n<p>W kontek\u015bcie codziennego \u017cycia kluczowe jest tempo. Sp\u0142ata d\u0142ugu nie musi oznacza\u0107 rezygnacji z podstawowego komfortu. Nadmierna presja cz\u0119sto prowadzi do zniech\u0119cenia i impulsywnych decyzji. Znacznie skuteczniejsze jest podej\u015bcie stopniowe, oparte na realnych mo\u017cliwo\u015bciach i konsekwencji, a nie na perfekcji.<\/p>\n\n\n\n<p>D\u0142ug i oszcz\u0119dzanie nie musz\u0105 si\u0119 wzajemnie wyklucza\u0107. Nawet symboliczna rezerwa finansowa pe\u0142ni funkcj\u0119 bufora, kt\u00f3ry chroni przed dalszym zad\u0142u\u017caniem si\u0119 w sytuacjach nieprzewidzianych. To w\u0142a\u015bnie r\u00f3wnowaga pomi\u0119dzy redukcj\u0105 zobowi\u0105za\u0144 a budowaniem bezpiecze\u0144stwa stanowi fundament zdrowych finans\u00f3w.<\/p>\n\n\n\n<p>Z czasem, gdy zobowi\u0105zania przestaj\u0105 dominowa\u0107 codzienne decyzje, pojawia si\u0119 przestrze\u0144 na dalsze etapy \u2014 planowanie, oszcz\u0119dzanie i inwestowanie. Nie jako gwa\u0142towna zmiana, lecz jako naturalna konsekwencja uporz\u0105dkowanych finans\u00f3w i spokojnego podej\u015bcia do pieni\u0119dzy.<\/p>\n","protected":false},"excerpt":{"rendered":"<p>D\u0142ug sam w sobie nie jest b\u0142\u0119dem ani pora\u017ck\u0105. Jest narz\u0119dziem finansowym, kt\u00f3re w codziennym \u017cyciu mo\u017ce zar\u00f3wno wspiera\u0107 rozw\u00f3j, jak i ogranicza\u0107 poczucie bezpiecze\u0144stwa \u2014 w zale\u017cno\u015bci od tego, jak jest wykorzystywane i jak\u0105 pe\u0142ni rol\u0119 w bud\u017cecie. Dla wielu os\u00f3b najwi\u0119kszym obci\u0105\u017ceniem nie jest sam poziom zad\u0142u\u017cenia, lecz brak jasno\u015bci. Rozproszone zobowi\u0105zania, nieczytelne [&hellip;]<\/p>\n","protected":false},"author":1,"featured_media":145,"parent":0,"menu_order":0,"comment_status":"closed","ping_status":"closed","template":"","meta":{"_bbp_topic_count":0,"_bbp_reply_count":0,"_bbp_total_topic_count":0,"_bbp_total_reply_count":0,"_bbp_voice_count":0,"_bbp_anonymous_reply_count":0,"_bbp_topic_count_hidden":0,"_bbp_reply_count_hidden":0,"_bbp_forum_subforum_count":0,"footnotes":""},"class_list":["post-143","page","type-page","status-publish","has-post-thumbnail","hentry"],"_links":{"self":[{"href":"https:\/\/www.inwestycjeniszowe.pl\/index.php\/wp-json\/wp\/v2\/pages\/143","targetHints":{"allow":["GET"]}}],"collection":[{"href":"https:\/\/www.inwestycjeniszowe.pl\/index.php\/wp-json\/wp\/v2\/pages"}],"about":[{"href":"https:\/\/www.inwestycjeniszowe.pl\/index.php\/wp-json\/wp\/v2\/types\/page"}],"author":[{"embeddable":true,"href":"https:\/\/www.inwestycjeniszowe.pl\/index.php\/wp-json\/wp\/v2\/users\/1"}],"replies":[{"embeddable":true,"href":"https:\/\/www.inwestycjeniszowe.pl\/index.php\/wp-json\/wp\/v2\/comments?post=143"}],"version-history":[{"count":1,"href":"https:\/\/www.inwestycjeniszowe.pl\/index.php\/wp-json\/wp\/v2\/pages\/143\/revisions"}],"predecessor-version":[{"id":144,"href":"https:\/\/www.inwestycjeniszowe.pl\/index.php\/wp-json\/wp\/v2\/pages\/143\/revisions\/144"}],"wp:featuredmedia":[{"embeddable":true,"href":"https:\/\/www.inwestycjeniszowe.pl\/index.php\/wp-json\/wp\/v2\/media\/145"}],"wp:attachment":[{"href":"https:\/\/www.inwestycjeniszowe.pl\/index.php\/wp-json\/wp\/v2\/media?parent=143"}],"curies":[{"name":"wp","href":"https:\/\/api.w.org\/{rel}","templated":true}]}}