{"id":156,"date":"2026-02-01T07:44:20","date_gmt":"2026-02-01T06:44:20","guid":{"rendered":"https:\/\/www.inwestycjeniszowe.pl\/?page_id=156"},"modified":"2026-02-01T07:51:31","modified_gmt":"2026-02-01T06:51:31","slug":"156-2","status":"publish","type":"page","link":"https:\/\/www.inwestycjeniszowe.pl\/index.php\/156-2\/","title":{"rendered":"Kontakt"},"content":{"rendered":"\n<p>Kontakt z nami jest jak latarnia morska dla \u017ceglarza \u2014 nie prowadzi Ci\u0119 za r\u0119k\u0119, ale wskazuje bezpieczn\u0105 drog\u0119 przez niepewne wody.<\/p>\n\n\n\n<p><\/p>\n\n\n\n<p>Masz pytania, w\u0105tpliwo\u015bci lub chcesz dowiedzie\u0107 si\u0119 wi\u0119cej o inwestycjach w niszowe obszary? Jeste\u015bmy tu, aby Ci pom\u00f3c.<\/p>\n\n\n\n<p>Skontaktuj si\u0119 z nami w najwygodniejszy dla Ciebie spos\u00f3b \u2014 odpowiadamy szybko i rzeczowo, z pe\u0142nym zrozumieniem potrzeb os\u00f3b na r\u00f3\u017cnych etapach finansowej drogi. Niezale\u017cnie od tego, czy dopiero zaczynasz przygod\u0119 z oszcz\u0119dzaniem, czy szukasz wskaz\u00f3wek dotycz\u0105cych spokojnego inwestowania, Tw\u00f3j kontakt z nami jest zawsze mile widziany.<\/p>\n\n\n\n<p>Tw\u00f3j spok\u00f3j i pewno\u015b\u0107 w decyzjach finansowych jest dla nas priorytetem. Napisz, zadzwo\u0144 lub wype\u0142nij formularz \u2014 jeste\u015bmy do Twojej dyspozycji.<\/p>\n","protected":false},"excerpt":{"rendered":"<p>Kontakt z nami jest jak latarnia morska dla \u017ceglarza \u2014 nie prowadzi Ci\u0119 za r\u0119k\u0119, ale wskazuje bezpieczn\u0105 drog\u0119 przez niepewne wody. Masz pytania, w\u0105tpliwo\u015bci lub chcesz dowiedzie\u0107 si\u0119 wi\u0119cej o inwestycjach w niszowe obszary? Jeste\u015bmy tu, aby Ci pom\u00f3c. Skontaktuj si\u0119 z nami w najwygodniejszy dla Ciebie spos\u00f3b \u2014 odpowiadamy szybko i rzeczowo, z [&hellip;]<\/p>\n","protected":false},"author":1,"featured_media":157,"parent":0,"menu_order":0,"comment_status":"closed","ping_status":"closed","template":"","meta":{"_bbp_topic_count":0,"_bbp_reply_count":0,"_bbp_total_topic_count":0,"_bbp_total_reply_count":0,"_bbp_voice_count":0,"_bbp_anonymous_reply_count":0,"_bbp_topic_count_hidden":0,"_bbp_reply_count_hidden":0,"_bbp_forum_subforum_count":0,"footnotes":""},"class_list":["post-156","page","type-page","status-publish","has-post-thumbnail","hentry"],"_links":{"self":[{"href":"https:\/\/www.inwestycjeniszowe.pl\/index.php\/wp-json\/wp\/v2\/pages\/156","targetHints":{"allow":["GET"]}}],"collection":[{"href":"https:\/\/www.inwestycjeniszowe.pl\/index.php\/wp-json\/wp\/v2\/pages"}],"about":[{"href":"https:\/\/www.inwestycjeniszowe.pl\/index.php\/wp-json\/wp\/v2\/types\/page"}],"author":[{"embeddable":true,"href":"https:\/\/www.inwestycjeniszowe.pl\/index.php\/wp-json\/wp\/v2\/users\/1"}],"replies":[{"embeddable":true,"href":"https:\/\/www.inwestycjeniszowe.pl\/index.php\/wp-json\/wp\/v2\/comments?post=156"}],"version-history":[{"count":2,"href":"https:\/\/www.inwestycjeniszowe.pl\/index.php\/wp-json\/wp\/v2\/pages\/156\/revisions"}],"predecessor-version":[{"id":165,"href":"https:\/\/www.inwestycjeniszowe.pl\/index.php\/wp-json\/wp\/v2\/pages\/156\/revisions\/165"}],"wp:featuredmedia":[{"embeddable":true,"href":"https:\/\/www.inwestycjeniszowe.pl\/index.php\/wp-json\/wp\/v2\/media\/157"}],"wp:attachment":[{"href":"https:\/\/www.inwestycjeniszowe.pl\/index.php\/wp-json\/wp\/v2\/media?parent=156"}],"curies":[{"name":"wp","href":"https:\/\/api.w.org\/{rel}","templated":true}]}}