{"id":40,"date":"2026-01-31T19:26:37","date_gmt":"2026-01-31T18:26:37","guid":{"rendered":"https:\/\/www.inwestycjeniszowe.pl\/?page_id=40"},"modified":"2026-02-01T07:09:18","modified_gmt":"2026-02-01T06:09:18","slug":"fundamenty-spokoju-finansowego","status":"publish","type":"page","link":"https:\/\/www.inwestycjeniszowe.pl\/index.php\/fundamenty-spokoju-finansowego\/","title":{"rendered":"Psychologia pieni\u0119dzy"},"content":{"rendered":"\n<p>Pieni\u0105dze rzadko s\u0105 wy\u0142\u0105cznie liczbami. Znacznie cz\u0119\u015bciej s\u0105 emocj\u0105, nawykiem i histori\u0105, kt\u00f3r\u0105 opowiadamy sobie o bezpiecze\u0144stwie, kontroli i przysz\u0142o\u015bci. To w\u0142a\u015bnie dlatego psychologia pieni\u0119dzy odgrywa kluczow\u0105 rol\u0119 w budowaniu stabilno\u015bci finansowej \u2014 zw\u0142aszcza na pocz\u0105tku tej drogi.<\/p>\n\n\n\n<p>Dla os\u00f3b wchodz\u0105cych w \u015bwiat finans\u00f3w najwi\u0119kszym wyzwaniem nie jest brak wiedzy, lecz brak spokoju i struktury. Naturalna potrzeba natychmiastowej gratyfikacji, l\u0119k przed strat\u0105 czy por\u00f3wnywanie si\u0119 z innymi potrafi\u0105 skutecznie zniech\u0119ci\u0107 do systematycznego dzia\u0142ania. Tymczasem zdrowa relacja z pieni\u0119dzmi zaczyna si\u0119 od prostego przekonania: nie chodzi o szybkie decyzje, lecz o konsekwencj\u0119.<\/p>\n\n\n\n<p>Oszcz\u0119dzanie nie jest rezygnacj\u0105 z tera\u017aniejszo\u015bci. Jest \u015bwiadomym wyborem r\u00f3wnowagi mi\u0119dzy tym, co dzi\u015b, a tym, co jutro. Nawet niewielkie, regularne kwoty buduj\u0105 poczucie sprawczo\u015bci i finansowego komfortu. To pierwszy moment, w kt\u00f3rym pieni\u0105dze przestaj\u0105 \u201eucieka\u0107\u201d, a zaczynaj\u0105 pracowa\u0107 w tle \u2014 spokojnie i przewidywalnie.<\/p>\n\n\n\n<p>Inwestowanie, postrzegane cz\u0119sto jako domena specjalist\u00f3w, w rzeczywisto\u015bci jest naturalnym przed\u0142u\u017ceniem oszcz\u0119dzania. Nie wymaga odwagi granicz\u0105cej z ryzykiem, lecz cierpliwo\u015bci i zrozumienia czasu. Kapita\u0142 ro\u015bnie nie dzi\u0119ki spektakularnym ruchom, ale dzi\u0119ki d\u0142ugoterminowemu podej\u015bciu i akceptacji zmienno\u015bci jako elementu procesu, a nie zagro\u017cenia.<\/p>\n\n\n\n<p>Osoby, kt\u00f3re najskuteczniej buduj\u0105 sw\u00f3j dobrostan finansowy, nie pr\u00f3buj\u0105 przewidywa\u0107 rynku. Skupiaj\u0105 si\u0119 na tym, na co maj\u0105 realny wp\u0142yw: regularno\u015bci, dywersyfikacji i w\u0142asnych reakcjach emocjonalnych. To w\u0142a\u015bnie umiej\u0119tno\u015b\u0107 zachowania spokoju w chwilach niepewno\u015bci stanowi jedn\u0105 z najcenniejszych kompetencji finansowych.<\/p>\n\n\n\n<p>Psychologia pieni\u0119dzy uczy, \u017ce sukces finansowy nie zaczyna si\u0119 od wielkich kwot, lecz od w\u0142a\u015bciwego nastawienia. Od decyzji, by traktowa\u0107 pieni\u0105dze jako narz\u0119dzie, a nie \u017ar\u00f3d\u0142o stresu. Z czasem to podej\u015bcie naturalnie prowadzi do oszcz\u0119dzania, a nast\u0119pnie do inwestowania \u2014 nie jako celu samego w sobie, lecz jako spokojnego fundamentu przysz\u0142ej niezale\u017cno\u015bci.<\/p>\n","protected":false},"excerpt":{"rendered":"<p>Pieni\u0105dze rzadko s\u0105 wy\u0142\u0105cznie liczbami. Znacznie cz\u0119\u015bciej s\u0105 emocj\u0105, nawykiem i histori\u0105, kt\u00f3r\u0105 opowiadamy sobie o bezpiecze\u0144stwie, kontroli i przysz\u0142o\u015bci. To w\u0142a\u015bnie dlatego psychologia pieni\u0119dzy odgrywa kluczow\u0105 rol\u0119 w budowaniu stabilno\u015bci finansowej \u2014 zw\u0142aszcza na pocz\u0105tku tej drogi. Dla os\u00f3b wchodz\u0105cych w \u015bwiat finans\u00f3w najwi\u0119kszym wyzwaniem nie jest brak wiedzy, lecz brak spokoju i struktury. [&hellip;]<\/p>\n","protected":false},"author":1,"featured_media":134,"parent":0,"menu_order":0,"comment_status":"closed","ping_status":"closed","template":"","meta":{"_bbp_topic_count":0,"_bbp_reply_count":0,"_bbp_total_topic_count":0,"_bbp_total_reply_count":0,"_bbp_voice_count":0,"_bbp_anonymous_reply_count":0,"_bbp_topic_count_hidden":0,"_bbp_reply_count_hidden":0,"_bbp_forum_subforum_count":0,"footnotes":""},"class_list":["post-40","page","type-page","status-publish","has-post-thumbnail","hentry"],"_links":{"self":[{"href":"https:\/\/www.inwestycjeniszowe.pl\/index.php\/wp-json\/wp\/v2\/pages\/40","targetHints":{"allow":["GET"]}}],"collection":[{"href":"https:\/\/www.inwestycjeniszowe.pl\/index.php\/wp-json\/wp\/v2\/pages"}],"about":[{"href":"https:\/\/www.inwestycjeniszowe.pl\/index.php\/wp-json\/wp\/v2\/types\/page"}],"author":[{"embeddable":true,"href":"https:\/\/www.inwestycjeniszowe.pl\/index.php\/wp-json\/wp\/v2\/users\/1"}],"replies":[{"embeddable":true,"href":"https:\/\/www.inwestycjeniszowe.pl\/index.php\/wp-json\/wp\/v2\/comments?post=40"}],"version-history":[{"count":3,"href":"https:\/\/www.inwestycjeniszowe.pl\/index.php\/wp-json\/wp\/v2\/pages\/40\/revisions"}],"predecessor-version":[{"id":135,"href":"https:\/\/www.inwestycjeniszowe.pl\/index.php\/wp-json\/wp\/v2\/pages\/40\/revisions\/135"}],"wp:featuredmedia":[{"embeddable":true,"href":"https:\/\/www.inwestycjeniszowe.pl\/index.php\/wp-json\/wp\/v2\/media\/134"}],"wp:attachment":[{"href":"https:\/\/www.inwestycjeniszowe.pl\/index.php\/wp-json\/wp\/v2\/media?parent=40"}],"curies":[{"name":"wp","href":"https:\/\/api.w.org\/{rel}","templated":true}]}}