{"id":43,"date":"2026-01-31T19:27:08","date_gmt":"2026-01-31T18:27:08","guid":{"rendered":"https:\/\/www.inwestycjeniszowe.pl\/?page_id=43"},"modified":"2026-02-01T07:37:55","modified_gmt":"2026-02-01T06:37:55","slug":"codzienne-decyzje","status":"publish","type":"page","link":"https:\/\/www.inwestycjeniszowe.pl\/index.php\/codzienne-decyzje\/","title":{"rendered":"Czas jest naszym sprzymierze\u0144cem, nie przeciwnikiem."},"content":{"rendered":"\n<p>My\u015blenie d\u0142ugoterminowe to umiej\u0119tno\u015b\u0107 patrzenia na finanse nie przez pryzmat chwilowych korzy\u015bci, lecz w kontek\u015bcie przysz\u0142o\u015bci. W codziennym \u017cyciu oznacza to podejmowanie decyzji, kt\u00f3re dzi\u015b mog\u0105 wydawa\u0107 si\u0119 drobne, ale z czasem kumuluj\u0105 znacz\u0105cy efekt. To podej\u015bcie nie jest ani skomplikowane, ani wymagaj\u0105ce nadludzkiej dyscypliny \u2014 opiera si\u0119 na konsekwencji i cierpliwo\u015bci.<\/p>\n\n\n\n<p>D\u0142ugoterminowe my\u015blenie pozwala oddzieli\u0107 emocje od finansowych decyzji. Kr\u00f3tkotrwa\u0142e pokusy i nag\u0142e wahania rynku przestaj\u0105 wywo\u0142ywa\u0107 niepotrzebny stres, gdy punkt odniesienia jest wyra\u017any: cel wyznaczony w perspektywie miesi\u0119cy, lat, a nawet dekad. Dzi\u0119ki temu pieni\u0105dze przestaj\u0105 dyktowa\u0107 emocje, a zaczynaj\u0105 pracowa\u0107 w rytmie czasu.<\/p>\n\n\n\n<p>W praktyce oznacza to prost\u0105 zasad\u0119: dzia\u0142ania podejmowane dzisiaj maj\u0105 sens nie dlatego, \u017ce przynosz\u0105 natychmiastowy efekt, lecz dlatego, \u017ce buduj\u0105 fundament pod przysz\u0142\u0105 niezale\u017cno\u015b\u0107 i komfort. Regularne oszcz\u0119dzanie, inwestowanie w wiedz\u0119, umiej\u0119tno\u015bci lub zdywersyfikowany kapita\u0142 to elementy tej strategii.<\/p>\n","protected":false},"excerpt":{"rendered":"<p>My\u015blenie d\u0142ugoterminowe to umiej\u0119tno\u015b\u0107 patrzenia na finanse nie przez pryzmat chwilowych korzy\u015bci, lecz w kontek\u015bcie przysz\u0142o\u015bci. W codziennym \u017cyciu oznacza to podejmowanie decyzji, kt\u00f3re dzi\u015b mog\u0105 wydawa\u0107 si\u0119 drobne, ale z czasem kumuluj\u0105 znacz\u0105cy efekt. To podej\u015bcie nie jest ani skomplikowane, ani wymagaj\u0105ce nadludzkiej dyscypliny \u2014 opiera si\u0119 na konsekwencji i cierpliwo\u015bci. D\u0142ugoterminowe my\u015blenie pozwala [&hellip;]<\/p>\n","protected":false},"author":1,"featured_media":0,"parent":0,"menu_order":0,"comment_status":"closed","ping_status":"closed","template":"","meta":{"_bbp_topic_count":0,"_bbp_reply_count":0,"_bbp_total_topic_count":0,"_bbp_total_reply_count":0,"_bbp_voice_count":0,"_bbp_anonymous_reply_count":0,"_bbp_topic_count_hidden":0,"_bbp_reply_count_hidden":0,"_bbp_forum_subforum_count":0,"footnotes":""},"class_list":["post-43","page","type-page","status-publish","hentry"],"_links":{"self":[{"href":"https:\/\/www.inwestycjeniszowe.pl\/index.php\/wp-json\/wp\/v2\/pages\/43","targetHints":{"allow":["GET"]}}],"collection":[{"href":"https:\/\/www.inwestycjeniszowe.pl\/index.php\/wp-json\/wp\/v2\/pages"}],"about":[{"href":"https:\/\/www.inwestycjeniszowe.pl\/index.php\/wp-json\/wp\/v2\/types\/page"}],"author":[{"embeddable":true,"href":"https:\/\/www.inwestycjeniszowe.pl\/index.php\/wp-json\/wp\/v2\/users\/1"}],"replies":[{"embeddable":true,"href":"https:\/\/www.inwestycjeniszowe.pl\/index.php\/wp-json\/wp\/v2\/comments?post=43"}],"version-history":[{"count":9,"href":"https:\/\/www.inwestycjeniszowe.pl\/index.php\/wp-json\/wp\/v2\/pages\/43\/revisions"}],"predecessor-version":[{"id":154,"href":"https:\/\/www.inwestycjeniszowe.pl\/index.php\/wp-json\/wp\/v2\/pages\/43\/revisions\/154"}],"wp:attachment":[{"href":"https:\/\/www.inwestycjeniszowe.pl\/index.php\/wp-json\/wp\/v2\/media?parent=43"}],"curies":[{"name":"wp","href":"https:\/\/api.w.org\/{rel}","templated":true}]}}