{"id":96,"date":"2026-01-31T22:28:55","date_gmt":"2026-01-31T21:28:55","guid":{"rendered":"https:\/\/www.inwestycjeniszowe.pl\/index.php\/newsletter\/"},"modified":"2026-01-31T22:43:10","modified_gmt":"2026-01-31T21:43:10","slug":"newsletter","status":"publish","type":"page","link":"https:\/\/www.inwestycjeniszowe.pl\/index.php\/newsletter\/","title":{"rendered":"Do\u0142\u0105cz do nas"},"content":{"rendered":"\n<hr class=\"wp-block-separator has-alpha-channel-opacity\"\/>\n\n\n\n<p class=\"has-text-align-center\"><br>To miejsce dla tych, kt\u00f3rzy wybieraj\u0105 d\u0142ugoterminow\u0105 perspektyw\u0119 zamiast chwilowych impuls\u00f3w.<br>Subskrypcja to ma\u0142a decyzja \u2014 o du\u017cej konsekwencji.<\/p>\n\n\n\n<blockquote class=\"wp-block-quote is-layout-flow wp-block-quote-is-layout-flow\">\n<p><\/p>\n<\/blockquote>\n\n\n<p style=\"text-align: left;\"><div class=\"tnp tnp-subscription \">\n<form method=\"post\" action=\"https:\/\/www.inwestycjeniszowe.pl\/wp-admin\/admin-ajax.php?action=tnp&amp;na=s\">\n<input type=\"hidden\" name=\"nlang\" value=\"\">\n<div class=\"tnp-field tnp-field-firstname\"><label for=\"tnp-1\">Imi\u0119<\/label>\n<input class=\"tnp-name\" type=\"text\" name=\"nn\" id=\"tnp-1\" value=\"\" placeholder=\"\"><\/div>\n<div class=\"tnp-field tnp-field-email\"><label for=\"tnp-2\">E-mail<\/label>\n<input class=\"tnp-email\" type=\"email\" name=\"ne\" id=\"tnp-2\" value=\"\" placeholder=\"\" required><\/div>\n<div class=\"tnp-field tnp-privacy-field\"><label><input type=\"checkbox\" name=\"ny\" required class=\"tnp-privacy\"> Akceptuj\u0119 polityk\u0119 prywatno\u015bci<\/label><\/div><div class=\"tnp-field tnp-field-button\" style=\"text-align: left\"><input class=\"tnp-submit\" type=\"submit\" value=\"Subskrybuj\" style=\"\">\n<\/div>\n<\/form>\n<\/div>\n<\/p>\n\n\n<blockquote class=\"wp-block-quote is-layout-flow wp-block-quote-is-layout-flow\">\n<figure class=\"wp-block-image size-large has-custom-border\"><img loading=\"lazy\" decoding=\"async\" width=\"1024\" height=\"683\" src=\"http:\/\/www.inwestycjeniszowe.pl\/wp-content\/uploads\/2026\/01\/0arycsfh57a-1024x683.jpg\" alt=\"person holding black iphone 4\" class=\"wp-image-104\" style=\"border-top-left-radius:20px;border-top-right-radius:20px;border-bottom-left-radius:20px;border-bottom-right-radius:20px\" srcset=\"https:\/\/www.inwestycjeniszowe.pl\/wp-content\/uploads\/2026\/01\/0arycsfh57a-1024x683.jpg 1024w, https:\/\/www.inwestycjeniszowe.pl\/wp-content\/uploads\/2026\/01\/0arycsfh57a-300x200.jpg 300w, https:\/\/www.inwestycjeniszowe.pl\/wp-content\/uploads\/2026\/01\/0arycsfh57a-768x512.jpg 768w, https:\/\/www.inwestycjeniszowe.pl\/wp-content\/uploads\/2026\/01\/0arycsfh57a-1536x1024.jpg 1536w, https:\/\/www.inwestycjeniszowe.pl\/wp-content\/uploads\/2026\/01\/0arycsfh57a.jpg 1600w\" sizes=\"auto, (max-width: 1024px) 100vw, 1024px\" \/><\/figure>\n<\/blockquote>\n\n\n\n<p><\/p>\n\n\n\n<p><\/p>\n\n\n\n<p><\/p>\n\n\n\n<h2 class=\"wp-block-heading has-text-align-center\">Newsletter o psychologii pieni\u0119dzy<\/h2>\n\n\n\n<p class=\"has-text-align-left\">To nie jest newsletter o \u201elepszych trikach finansowych\u201d.<br>To przestrze\u0144 dla os\u00f3b, kt\u00f3re chc\u0105 <strong>rozumie\u0107 swoje decyzje<\/strong>, zanim spr\u00f3buj\u0105 je zmieni\u0107.<\/p>\n\n\n\n<p class=\"has-text-align-left\">Psychologia pieni\u0119dzy pokazuje, \u017ce wi\u0119kszo\u015b\u0107 problem\u00f3w finansowych:<\/p>\n\n\n\n<ul class=\"wp-block-list\">\n<li>nie wynika z braku wiedzy,<\/li>\n\n\n\n<li>nie zaczyna si\u0119 w bud\u017cecie,<\/li>\n\n\n\n<li>nie ko\u0144czy si\u0119 na liczbach.<\/li>\n<\/ul>\n\n\n\n<p class=\"has-text-align-left\">Zaczyna si\u0119 w emocjach, napi\u0119ciu, nawykach i sposobie my\u015blenia.<\/p>\n\n\n\n<p class=\"has-text-align-left\">W tym newsletterze otrzymasz:<\/p>\n\n\n\n<ul class=\"wp-block-list\">\n<li>   kr\u00f3tkie, przemy\u015blane refleksje o relacji z pieni\u0119dzmi,<\/li>\n\n\n\n<li>  analizy zachowa\u0144 finansowych, kt\u00f3re dzia\u0142aj\u0105 w tle codziennych decyzji,<\/li>\n\n\n\n<li> analogie pomagaj\u0105ce spojrze\u0107 na finanse spokojniej i d\u0142ugoterminowo,<\/li>\n\n\n\n<li>tre\u015bci, kt\u00f3re <strong>porz\u0105dkuj\u0105 my\u015blenie<\/strong>, zamiast wywo\u0142ywa\u0107 presj\u0119.<\/li>\n<\/ul>\n\n\n\n<p>Bez:<\/p>\n\n\n\n<ul class=\"wp-block-list\">\n<li>krzycz\u0105cych nag\u0142\u00f3wk\u00f3w,<\/li>\n\n\n\n<li>obietnic szybkich efekt\u00f3w,<\/li>\n\n\n\n<li>por\u00f3wna\u0144 i poczucia, \u017ce \u201epowiniene\u015b robi\u0107 wi\u0119cej\u201d.<\/li>\n<\/ul>\n\n\n\n<p>Ten newsletter jest dla Ciebie, je\u015bli:<\/p>\n\n\n\n<ul class=\"wp-block-list\">\n<li>czujesz, \u017ce pieni\u0105dze zajmuj\u0105 w g\u0142owie wi\u0119cej miejsca, ni\u017c by\u015b chcia\u0142,<\/li>\n\n\n\n<li>chcesz podejmowa\u0107 decyzje finansowe bez l\u0119ku i po\u015bpiechu,<\/li>\n\n\n\n<li>interesuje Ci\u0119 stabilno\u015b\u0107, nie adrenalina,<\/li>\n\n\n\n<li>wiesz, \u017ce spok\u00f3j finansowy zaczyna si\u0119 od wewn\u0105trz.<\/li>\n<\/ul>\n\n\n\n<p>\ud83d\udce9 <strong>Subskrypcja to niewielka decyzja, kt\u00f3ra mo\u017ce zmieni\u0107 spos\u00f3b, w jaki my\u015blisz o pieni\u0105dzach.<\/strong><br>Bez ha\u0142asu. Bez presji. W Twoim tempie.<\/p>\n","protected":false},"excerpt":{"rendered":"<p>To miejsce dla tych, kt\u00f3rzy wybieraj\u0105 d\u0142ugoterminow\u0105 perspektyw\u0119 zamiast chwilowych impuls\u00f3w.Subskrypcja to ma\u0142a decyzja \u2014 o du\u017cej konsekwencji. Newsletter o psychologii pieni\u0119dzy To nie jest newsletter o \u201elepszych trikach finansowych\u201d.To przestrze\u0144 dla os\u00f3b, kt\u00f3re chc\u0105 rozumie\u0107 swoje decyzje, zanim spr\u00f3buj\u0105 je zmieni\u0107. Psychologia pieni\u0119dzy pokazuje, \u017ce wi\u0119kszo\u015b\u0107 problem\u00f3w finansowych: Zaczyna si\u0119 w emocjach, napi\u0119ciu, nawykach [&hellip;]<\/p>\n","protected":false},"author":1,"featured_media":104,"parent":0,"menu_order":0,"comment_status":"closed","ping_status":"closed","template":"","meta":{"_bbp_topic_count":0,"_bbp_reply_count":0,"_bbp_total_topic_count":0,"_bbp_total_reply_count":0,"_bbp_voice_count":0,"_bbp_anonymous_reply_count":0,"_bbp_topic_count_hidden":0,"_bbp_reply_count_hidden":0,"_bbp_forum_subforum_count":0,"footnotes":""},"class_list":["post-96","page","type-page","status-publish","has-post-thumbnail","hentry"],"_links":{"self":[{"href":"https:\/\/www.inwestycjeniszowe.pl\/index.php\/wp-json\/wp\/v2\/pages\/96","targetHints":{"allow":["GET"]}}],"collection":[{"href":"https:\/\/www.inwestycjeniszowe.pl\/index.php\/wp-json\/wp\/v2\/pages"}],"about":[{"href":"https:\/\/www.inwestycjeniszowe.pl\/index.php\/wp-json\/wp\/v2\/types\/page"}],"author":[{"embeddable":true,"href":"https:\/\/www.inwestycjeniszowe.pl\/index.php\/wp-json\/wp\/v2\/users\/1"}],"replies":[{"embeddable":true,"href":"https:\/\/www.inwestycjeniszowe.pl\/index.php\/wp-json\/wp\/v2\/comments?post=96"}],"version-history":[{"count":11,"href":"https:\/\/www.inwestycjeniszowe.pl\/index.php\/wp-json\/wp\/v2\/pages\/96\/revisions"}],"predecessor-version":[{"id":118,"href":"https:\/\/www.inwestycjeniszowe.pl\/index.php\/wp-json\/wp\/v2\/pages\/96\/revisions\/118"}],"wp:featuredmedia":[{"embeddable":true,"href":"https:\/\/www.inwestycjeniszowe.pl\/index.php\/wp-json\/wp\/v2\/media\/104"}],"wp:attachment":[{"href":"https:\/\/www.inwestycjeniszowe.pl\/index.php\/wp-json\/wp\/v2\/media?parent=96"}],"curies":[{"name":"wp","href":"https:\/\/api.w.org\/{rel}","templated":true}]}}